{"id":847,"date":"2024-03-05T13:11:03","date_gmt":"2024-03-05T12:11:03","guid":{"rendered":"https:\/\/boutique-neya.com\/shop\/?post_type=product&#038;p=847"},"modified":"2026-04-23T16:52:13","modified_gmt":"2026-04-23T14:52:13","slug":"atelier-creation-de-bougies","status":"publish","type":"product","link":"https:\/\/boutique-neya.com\/shop\/produit\/atelier-creation-de-bougies\/","title":{"rendered":"Atelier Cr\u00e9ation BOUGIES"},"content":{"rendered":"<p><strong>Ateliers de Cr\u00e9ation de Bougies<\/strong><\/p>\n<p>D\u00e9couvrez nos ateliers de fabrication de bougies artisanales, parfaits pour les amateurs de cr\u00e9ativit\u00e9 et de produits naturels. Chaque atelier est l&rsquo;occasion d&rsquo;apprendre des techniques professionnelles tout en vous amusant. Nous utilisons uniquement des mat\u00e9riaux respectueux de l&rsquo;environnement : cire v\u00e9g\u00e9tale, m\u00e8ches 100% coton, et parfums de Grasse. Tous les pots sont fabriqu\u00e9s \u00e0 la main sur place en jesmonite, offrant une exp\u00e9rience compl\u00e8te et authentique.Les ateliers sont disponibles \u00e0 partir de 10 ans.<\/p>\n<p><strong>1. Atelier Cr\u00e9ation de 2 Bougies dans des Pots aux Couleurs de Saison<\/strong><\/p>\n<p>Cr\u00e9ez deux bougies par personne dans des pots \u00e9l\u00e9gants, aux couleurs de la saison. Ici, les bougies restent naturelles et non color\u00e9es, pour mettre en valeur la beaut\u00e9 des pots en jesmonite, que nous pr\u00e9parons sur place. Vous apprendrez les bases essentielles : choix des m\u00e8ches, dosage des parfums, temp\u00e9ratures de coul\u00e9e, tout en cr\u00e9ant des bougies qui s&rsquo;harmonisent avec l&rsquo;ambiance saisonni\u00e8re. Repartez avec des pi\u00e8ces uniques et raffin\u00e9es qui \u00e9gayeront votre int\u00e9rieur.<\/p>\n<p><strong>2. Atelier Cr\u00e9ation d\u2019une Bougie avec Fleurs S\u00e9ch\u00e9es<\/strong><\/p>\n<p>Apprenez \u00e0 confectionner une bougie \u00e9l\u00e9gante orn\u00e9e de fleurs s\u00e9ch\u00e9es. Cet atelier vous permet d\u2019explorer l\u2019art de marier nature et cire, tout en ma\u00eetrisant les techniques de coul\u00e9e et l\u2019int\u00e9gration des fleurs. Nous vous guidons dans le choix des parfums, les quantit\u00e9s de cire \u00e0 utiliser et les astuces pour une finition parfaite. Vous repartirez avec une bougie po\u00e9tique et parfum\u00e9e, id\u00e9ale pour offrir ou d\u00e9corer votre maison.<\/p>\n<p><strong>3. Atelier Peinture sur Bougie Chandelle<\/strong><\/p>\n<p>Exprimez votre cr\u00e9ativit\u00e9 avec cet atelier de peinture sur bougies chandelles. Apr\u00e8s avoir choisi vos chandelles, nous vous apprendrons les techniques de peinture adapt\u00e9es \u00e0 la cire, afin de r\u00e9aliser des motifs ou des d\u00e9cors uniques. Les conseils pratiques sur la fixation des couleurs et les astuces pour une peinture durable vous permettront de repartir avec des bougies personnalis\u00e9es qui illumineront votre espace de mani\u00e8re artistique.<\/p>\n<p><strong>4. Atelier Cr\u00e9ation de Bougie \u00e0 Th\u00e8me (Halloween, No\u00ebl, etc.)<\/strong><\/p>\n<p>Plongez dans l&rsquo;esprit des f\u00eates avec cet atelier \u00e0 th\u00e8me ! Que ce soit pour Halloween, No\u00ebl, ou toute autre occasion sp\u00e9ciale, vous cr\u00e9erez une bougie unique inspir\u00e9e par la saison ou la c\u00e9l\u00e9bration. En plus de personnaliser vos bougies avec des parfums \u00e9vocateurs et des accessoires d\u00e9coratifs, vous apprendrez tout sur les types de cires, les tailles de m\u00e8ches et les bonnes pratiques de fabrication pour un r\u00e9sultat impeccable.<\/p>\n<p>Dans chaque atelier, nous proposons des explications d\u00e9taill\u00e9es sur les diff\u00e9rents types de cires, les tailles et types de m\u00e8ches, les temp\u00e9ratures id\u00e9ales pour une coul\u00e9e parfaite, et les dosages de parfums. Repartez avec vos cr\u00e9ations naturelles et apprenez \u00e0 fabriquer des bougies de qualit\u00e9, dans une ambiance chaleureuse et conviviale.<\/p>\n<p><strong>4. Atelier Cr\u00e9ation d&rsquo;un br\u00fbleur avec fondants parfum\u00e9s<\/strong><\/p>\n<p>Venez vivre une exp\u00e9rience cr\u00e9ative unique en atelier et repartez avec une pi\u00e8ce artisanale r\u00e9alis\u00e9e de vos propres mains. Cet atelier de 2h \u00e0 2h30 vous propose deux techniques artisanales : la cr\u00e9ation d&rsquo;un br\u00fbleur en jesmonite et la fabrication de fondants parfum\u00e9s.<br \/>\nAu programme de l&rsquo;atelier :<\/p>\n<p>    Cr\u00e9ation du br\u00fbleur en jesmonite : Vous apprendrez \u00e0 travailler la jesmonite, un mat\u00e9riau \u00e9cologique et r\u00e9sistant. Si vous le souhaitez, vous pourrez exp\u00e9rimenter la technique du marbrage pour personnaliser votre br\u00fbleur.<\/p>\n<p>    Fabrication des fondants parfum\u00e9s : D\u00e9couvrez la m\u00e9thode pour r\u00e9aliser des fondants parfum\u00e9s \u00e0 base de cire de soja, en apprenant \u00e0 ma\u00eetriser les techniques de coloration et de parfumerie. Vous repartirez avec 100g de fondants que vous aurez cr\u00e9\u00e9s, adapt\u00e9s \u00e0 vos go\u00fbts.<\/p>\n<p>Pourquoi participer \u00e0 cet atelier ?<\/p>\n<p>Cet atelier est l&rsquo;occasion de d\u00e9couvrir de nouvelles techniques cr\u00e9atives tout en fabriquant des objets utiles et d\u00e9coratifs. Vous repartirez avec un br\u00fbleur unique et vos fondants parfum\u00e9s, mais aussi avec de nouvelles connaissances sur l&rsquo;utilisation de la cire, des pigments et des parfums.<\/p>\n<p><strong>R\u00e9servez d\u00e8s maintenant en ligne ou rendez-nous visite en boutique pour garantir votre place !<\/strong><\/p>\n<p>Veuillez noter que les r\u00e9servations \u00e0 nos ateliers ne sont ni annulables, ni remboursables. Nous nous effor\u00e7ons de garantir une exp\u00e9rience de qualit\u00e9 \u00e0 tous nos participants et nous pr\u00e9parons avec soin chaque atelier en fonction des r\u00e9servations confirm\u00e9es. Si vous avez des questions ou des pr\u00e9occupations, n&rsquo;h\u00e9sitez pas \u00e0 nous contacter, nous sommes l\u00e0 pour vous aider !<\/p>\n","protected":false},"excerpt":{"rendered":"<p>Ateliers de Cr\u00e9ation de Bougies D\u00e9couvrez nos ateliers de fabrication de bougies artisanales, parfaits pour les amateurs de cr\u00e9ativit\u00e9 et de produits naturels. Chaque atelier est l&rsquo;occasion d&rsquo;apprendre des techniques professionnelles tout en vous amusant. Nous utilisons uniquement des mat\u00e9riaux respectueux de l&rsquo;environnement : cire v\u00e9g\u00e9tale, m\u00e8ches 100% coton, et parfums de Grasse. Tous les [&#8230;]\n","protected":false},"featured_media":2026,"comment_status":"open","ping_status":"closed","template":"","meta":[],"product_cat":[78],"product_tag":[],"class_list":{"0":"post-847","1":"product","2":"type-product","3":"status-publish","4":"has-post-thumbnail","6":"product_cat-ateliers","8":"first","9":"instock","10":"taxable","11":"shipping-taxable","12":"purchasable","13":"product-type-variable"},"_links":{"self":[{"href":"https:\/\/boutique-neya.com\/shop\/wp-json\/wp\/v2\/product\/847","targetHints":{"allow":["GET"]}}],"collection":[{"href":"https:\/\/boutique-neya.com\/shop\/wp-json\/wp\/v2\/product"}],"about":[{"href":"https:\/\/boutique-neya.com\/shop\/wp-json\/wp\/v2\/types\/product"}],"replies":[{"embeddable":true,"href":"https:\/\/boutique-neya.com\/shop\/wp-json\/wp\/v2\/comments?post=847"}],"wp:featuredmedia":[{"embeddable":true,"href":"https:\/\/boutique-neya.com\/shop\/wp-json\/wp\/v2\/media\/2026"}],"wp:attachment":[{"href":"https:\/\/boutique-neya.com\/shop\/wp-json\/wp\/v2\/media?parent=847"}],"wp:term":[{"taxonomy":"product_cat","embeddable":true,"href":"https:\/\/boutique-neya.com\/shop\/wp-json\/wp\/v2\/product_cat?post=847"},{"taxonomy":"product_tag","embeddable":true,"href":"https:\/\/boutique-neya.com\/shop\/wp-json\/wp\/v2\/product_tag?post=847"}],"curies":[{"name":"wp","href":"https:\/\/api.w.org\/{rel}","templated":true}]}}