{"id":794,"date":"2024-02-29T17:21:47","date_gmt":"2024-02-29T16:21:47","guid":{"rendered":"https:\/\/boutique-neya.com\/shop\/produit\/chauffe-plat-infusion-depices\/"},"modified":"2024-03-01T11:10:13","modified_gmt":"2024-03-01T10:10:13","slug":"chauffe-plat-infusion-depices","status":"publish","type":"product","link":"https:\/\/boutique-neya.com\/shop\/produit\/chauffe-plat-infusion-depices\/","title":{"rendered":"Chauffe-Plat &#8211; Infusion d&rsquo;\u00c9pices"},"content":{"rendered":"<p>Plongez dans une Infusion d&rsquo;\u00c9pices avec ce chauffe-plat aux notes chaleureuses de Cannelle, Orange, Patchouli et Gingembre. Chaque cr\u00e9ation artisanale, avec une m\u00e8che 100% coton, diffuse une ambiance r\u00e9confortante. D\u00e9couvrez la fusion parfaite entre notre cire naturelle vegane, sans paraben, et les parfums \u00e9labor\u00e9s avec expertise \u00e0 Grasse.<br \/>\nGr\u00e2ce \u00e0 ses 21g de cire, profitez d&rsquo;un br\u00fblage prolong\u00e9 de pr\u00e8s de 4h pour chaque chauffe-plat !<\/p>\n","protected":false},"excerpt":{"rendered":"<p>Plongez dans une Infusion d&rsquo;\u00c9pices avec ce chauffe-plat aux notes chaleureuses de Cannelle, Orange, Patchouli et Gingembre. Chaque cr\u00e9ation artisanale, avec une m\u00e8che 100% coton, diffuse une ambiance r\u00e9confortante. D\u00e9couvrez la fusion parfaite entre notre cire naturelle vegane, sans paraben, et les parfums \u00e9labor\u00e9s avec expertise \u00e0 Grasse. Gr\u00e2ce \u00e0 ses 21g de cire, profitez [&#8230;]\n","protected":false},"featured_media":783,"comment_status":"open","ping_status":"closed","template":"","meta":[],"product_cat":[76],"product_tag":[],"class_list":{"0":"post-794","1":"product","2":"type-product","3":"status-publish","4":"has-post-thumbnail","6":"product_cat-chauffe-plats","8":"first","9":"instock","10":"taxable","11":"shipping-taxable","12":"purchasable","13":"product-type-simple"},"_links":{"self":[{"href":"https:\/\/boutique-neya.com\/shop\/wp-json\/wp\/v2\/product\/794","targetHints":{"allow":["GET"]}}],"collection":[{"href":"https:\/\/boutique-neya.com\/shop\/wp-json\/wp\/v2\/product"}],"about":[{"href":"https:\/\/boutique-neya.com\/shop\/wp-json\/wp\/v2\/types\/product"}],"replies":[{"embeddable":true,"href":"https:\/\/boutique-neya.com\/shop\/wp-json\/wp\/v2\/comments?post=794"}],"wp:featuredmedia":[{"embeddable":true,"href":"https:\/\/boutique-neya.com\/shop\/wp-json\/wp\/v2\/media\/783"}],"wp:attachment":[{"href":"https:\/\/boutique-neya.com\/shop\/wp-json\/wp\/v2\/media?parent=794"}],"wp:term":[{"taxonomy":"product_cat","embeddable":true,"href":"https:\/\/boutique-neya.com\/shop\/wp-json\/wp\/v2\/product_cat?post=794"},{"taxonomy":"product_tag","embeddable":true,"href":"https:\/\/boutique-neya.com\/shop\/wp-json\/wp\/v2\/product_tag?post=794"}],"curies":[{"name":"wp","href":"https:\/\/api.w.org\/{rel}","templated":true}]}}