{"id":793,"date":"2024-02-29T17:21:46","date_gmt":"2024-02-29T16:21:46","guid":{"rendered":"https:\/\/boutique-neya.com\/shop\/produit\/chauffe-plat-balade-hivernale\/"},"modified":"2024-03-01T11:10:13","modified_gmt":"2024-03-01T10:10:13","slug":"chauffe-plat-balade-hivernale","status":"publish","type":"product","link":"https:\/\/boutique-neya.com\/shop\/produit\/chauffe-plat-balade-hivernale\/","title":{"rendered":"Chauffe-Plat &#8211; Balade Hivernale"},"content":{"rendered":"<p>Embrassez la fra\u00eecheur de la saison avec Balade Hivernale, une composition glaciale de Menthe Chlorophylle, Lavande et Eucalyptus. Chaque chauffe-plat est une cr\u00e9ation artisanale coul\u00e9e \u00e0 la main, avec une m\u00e8che 100% coton pour une combustion optimale. Notre cire naturelle vegane, associ\u00e9e aux parfums hivernaux de Grasse, \u00e9voque une promenade magique dans un paysage enneig\u00e9.<br \/>\nGr\u00e2ce \u00e0 ses 21g de cire, profitez d&rsquo;un br\u00fblage prolong\u00e9 de pr\u00e8s de 4h pour chaque chauffe-plat !<\/p>\n","protected":false},"excerpt":{"rendered":"<p>Embrassez la fra\u00eecheur de la saison avec Balade Hivernale, une composition glaciale de Menthe Chlorophylle, Lavande et Eucalyptus. Chaque chauffe-plat est une cr\u00e9ation artisanale coul\u00e9e \u00e0 la main, avec une m\u00e8che 100% coton pour une combustion optimale. Notre cire naturelle vegane, associ\u00e9e aux parfums hivernaux de Grasse, \u00e9voque une promenade magique dans un paysage enneig\u00e9. [&#8230;]\n","protected":false},"featured_media":783,"comment_status":"open","ping_status":"closed","template":"","meta":[],"product_cat":[76],"product_tag":[],"class_list":{"0":"post-793","1":"product","2":"type-product","3":"status-publish","4":"has-post-thumbnail","6":"product_cat-chauffe-plats","8":"first","9":"instock","10":"taxable","11":"shipping-taxable","12":"purchasable","13":"product-type-simple"},"_links":{"self":[{"href":"https:\/\/boutique-neya.com\/shop\/wp-json\/wp\/v2\/product\/793","targetHints":{"allow":["GET"]}}],"collection":[{"href":"https:\/\/boutique-neya.com\/shop\/wp-json\/wp\/v2\/product"}],"about":[{"href":"https:\/\/boutique-neya.com\/shop\/wp-json\/wp\/v2\/types\/product"}],"replies":[{"embeddable":true,"href":"https:\/\/boutique-neya.com\/shop\/wp-json\/wp\/v2\/comments?post=793"}],"wp:featuredmedia":[{"embeddable":true,"href":"https:\/\/boutique-neya.com\/shop\/wp-json\/wp\/v2\/media\/783"}],"wp:attachment":[{"href":"https:\/\/boutique-neya.com\/shop\/wp-json\/wp\/v2\/media?parent=793"}],"wp:term":[{"taxonomy":"product_cat","embeddable":true,"href":"https:\/\/boutique-neya.com\/shop\/wp-json\/wp\/v2\/product_cat?post=793"},{"taxonomy":"product_tag","embeddable":true,"href":"https:\/\/boutique-neya.com\/shop\/wp-json\/wp\/v2\/product_tag?post=793"}],"curies":[{"name":"wp","href":"https:\/\/api.w.org\/{rel}","templated":true}]}}