{"id":792,"date":"2024-02-29T17:21:46","date_gmt":"2024-02-29T16:21:46","guid":{"rendered":"https:\/\/boutique-neya.com\/shop\/produit\/chauffe-plat-eden-ensoleille\/"},"modified":"2024-03-01T11:10:13","modified_gmt":"2024-03-01T10:10:13","slug":"chauffe-plat-eden-ensoleille","status":"publish","type":"product","link":"https:\/\/boutique-neya.com\/shop\/produit\/chauffe-plat-eden-ensoleille\/","title":{"rendered":"Chauffe-Plat &#8211; \u00c9den Ensoleill\u00e9"},"content":{"rendered":"<p>Vivez une exp\u00e9rience lumineuse avec Eden Ensoleill\u00e9, une fusion p\u00e9tillante de Pamplemousse, Citron, Menthe Chlorophylle et Lavande. Chaque chauffe-plat, coul\u00e9 \u00e0 la main avec une m\u00e8che 100% coton, r\u00e9v\u00e8le la fra\u00eecheur de la nature. Plongez dans l&rsquo;\u00e9clat du soleil avec notre cire naturelle vegane, \u00e9labor\u00e9e avec soin pour une qualit\u00e9 exceptionnelle, accompagn\u00e9e des parfums ensoleill\u00e9s de Grasse.<br \/>\nGr\u00e2ce \u00e0 ses 21g de cire, profitez d&rsquo;un br\u00fblage prolong\u00e9 de pr\u00e8s de 4h pour chaque chauffe-plat !<\/p>\n","protected":false},"excerpt":{"rendered":"<p>Vivez une exp\u00e9rience lumineuse avec Eden Ensoleill\u00e9, une fusion p\u00e9tillante de Pamplemousse, Citron, Menthe Chlorophylle et Lavande. Chaque chauffe-plat, coul\u00e9 \u00e0 la main avec une m\u00e8che 100% coton, r\u00e9v\u00e8le la fra\u00eecheur de la nature. Plongez dans l&rsquo;\u00e9clat du soleil avec notre cire naturelle vegane, \u00e9labor\u00e9e avec soin pour une qualit\u00e9 exceptionnelle, accompagn\u00e9e des parfums ensoleill\u00e9s [&#8230;]\n","protected":false},"featured_media":783,"comment_status":"open","ping_status":"closed","template":"","meta":[],"product_cat":[76],"product_tag":[],"class_list":{"0":"post-792","1":"product","2":"type-product","3":"status-publish","4":"has-post-thumbnail","6":"product_cat-chauffe-plats","8":"first","9":"instock","10":"taxable","11":"shipping-taxable","12":"purchasable","13":"product-type-simple"},"_links":{"self":[{"href":"https:\/\/boutique-neya.com\/shop\/wp-json\/wp\/v2\/product\/792","targetHints":{"allow":["GET"]}}],"collection":[{"href":"https:\/\/boutique-neya.com\/shop\/wp-json\/wp\/v2\/product"}],"about":[{"href":"https:\/\/boutique-neya.com\/shop\/wp-json\/wp\/v2\/types\/product"}],"replies":[{"embeddable":true,"href":"https:\/\/boutique-neya.com\/shop\/wp-json\/wp\/v2\/comments?post=792"}],"wp:featuredmedia":[{"embeddable":true,"href":"https:\/\/boutique-neya.com\/shop\/wp-json\/wp\/v2\/media\/783"}],"wp:attachment":[{"href":"https:\/\/boutique-neya.com\/shop\/wp-json\/wp\/v2\/media?parent=792"}],"wp:term":[{"taxonomy":"product_cat","embeddable":true,"href":"https:\/\/boutique-neya.com\/shop\/wp-json\/wp\/v2\/product_cat?post=792"},{"taxonomy":"product_tag","embeddable":true,"href":"https:\/\/boutique-neya.com\/shop\/wp-json\/wp\/v2\/product_tag?post=792"}],"curies":[{"name":"wp","href":"https:\/\/api.w.org\/{rel}","templated":true}]}}