{"id":791,"date":"2024-02-29T17:21:46","date_gmt":"2024-02-29T16:21:46","guid":{"rendered":"https:\/\/boutique-neya.com\/shop\/produit\/chauffe-plat-charme-de-la-garrigue\/"},"modified":"2024-03-01T11:10:12","modified_gmt":"2024-03-01T10:10:12","slug":"chauffe-plat-charme-de-la-garrigue","status":"publish","type":"product","link":"https:\/\/boutique-neya.com\/shop\/produit\/chauffe-plat-charme-de-la-garrigue\/","title":{"rendered":"Chauffe-Plat &#8211; Charme de la Garrigue"},"content":{"rendered":"<p>Explorez le Charme de la Garrigue, une fusion enivrante d&rsquo;Ylang Ylang, Patchouli et Lavande. Chaque chauffe-plat, une pi\u00e8ce artisanale, capture l&rsquo;essence de la garrigue, avec une m\u00e8che 100% coton pour une combustion propre et durable. Notre cire naturelle, 100% vegane, se marie harmonieusement avec les parfums de Grasse pour cr\u00e9er une atmosph\u00e8re envo\u00fbtante.<br \/>\nGr\u00e2ce \u00e0 ses 21g de cire, profitez d&rsquo;un br\u00fblage prolong\u00e9 de pr\u00e8s de 4h pour chaque chauffe-plat !<\/p>\n","protected":false},"excerpt":{"rendered":"<p>Explorez le Charme de la Garrigue, une fusion enivrante d&rsquo;Ylang Ylang, Patchouli et Lavande. Chaque chauffe-plat, une pi\u00e8ce artisanale, capture l&rsquo;essence de la garrigue, avec une m\u00e8che 100% coton pour une combustion propre et durable. Notre cire naturelle, 100% vegane, se marie harmonieusement avec les parfums de Grasse pour cr\u00e9er une atmosph\u00e8re envo\u00fbtante. Gr\u00e2ce \u00e0 [&#8230;]\n","protected":false},"featured_media":783,"comment_status":"open","ping_status":"closed","template":"","meta":[],"product_cat":[76],"product_tag":[],"class_list":{"0":"post-791","1":"product","2":"type-product","3":"status-publish","4":"has-post-thumbnail","6":"product_cat-chauffe-plats","8":"first","9":"instock","10":"taxable","11":"shipping-taxable","12":"purchasable","13":"product-type-simple"},"_links":{"self":[{"href":"https:\/\/boutique-neya.com\/shop\/wp-json\/wp\/v2\/product\/791","targetHints":{"allow":["GET"]}}],"collection":[{"href":"https:\/\/boutique-neya.com\/shop\/wp-json\/wp\/v2\/product"}],"about":[{"href":"https:\/\/boutique-neya.com\/shop\/wp-json\/wp\/v2\/types\/product"}],"replies":[{"embeddable":true,"href":"https:\/\/boutique-neya.com\/shop\/wp-json\/wp\/v2\/comments?post=791"}],"wp:featuredmedia":[{"embeddable":true,"href":"https:\/\/boutique-neya.com\/shop\/wp-json\/wp\/v2\/media\/783"}],"wp:attachment":[{"href":"https:\/\/boutique-neya.com\/shop\/wp-json\/wp\/v2\/media?parent=791"}],"wp:term":[{"taxonomy":"product_cat","embeddable":true,"href":"https:\/\/boutique-neya.com\/shop\/wp-json\/wp\/v2\/product_cat?post=791"},{"taxonomy":"product_tag","embeddable":true,"href":"https:\/\/boutique-neya.com\/shop\/wp-json\/wp\/v2\/product_tag?post=791"}],"curies":[{"name":"wp","href":"https:\/\/api.w.org\/{rel}","templated":true}]}}