{"id":790,"date":"2024-02-29T17:21:46","date_gmt":"2024-02-29T16:21:46","guid":{"rendered":"https:\/\/boutique-neya.com\/shop\/produit\/chauffe-plat-echapee-sauvage\/"},"modified":"2024-03-01T11:10:12","modified_gmt":"2024-03-01T10:10:12","slug":"chauffe-plat-echapee-sauvage","status":"publish","type":"product","link":"https:\/\/boutique-neya.com\/shop\/produit\/chauffe-plat-echapee-sauvage\/","title":{"rendered":"Chauffe-Plat &#8211; \u00c9chap\u00e9e Sauvage"},"content":{"rendered":"<p>Partez pour une \u00c9chapp\u00e9e Sauvage avec ce chauffe-plat aux notes envo\u00fbtantes d&rsquo;Ylang Ylang, de Santal et de Vanille. Chaque cr\u00e9ation, fa\u00e7onn\u00e9e \u00e0 la main, transporte l&rsquo;esprit dans un monde sauvage et myst\u00e9rieux, avec une m\u00e8che 100% coton pour une combustion parfaite. Notre cire naturelle vegane, alli\u00e9e \u00e0 des parfums de qualit\u00e9 \u00e9labor\u00e9s \u00e0 Grasse, cr\u00e9e une ambiance unique et captivante.<br \/>\nGr\u00e2ce \u00e0 ses 21g de cire, profitez d&rsquo;un br\u00fblage prolong\u00e9 de pr\u00e8s de 4h pour chaque chauffe-plat !<\/p>\n","protected":false},"excerpt":{"rendered":"<p>Partez pour une \u00c9chapp\u00e9e Sauvage avec ce chauffe-plat aux notes envo\u00fbtantes d&rsquo;Ylang Ylang, de Santal et de Vanille. Chaque cr\u00e9ation, fa\u00e7onn\u00e9e \u00e0 la main, transporte l&rsquo;esprit dans un monde sauvage et myst\u00e9rieux, avec une m\u00e8che 100% coton pour une combustion parfaite. Notre cire naturelle vegane, alli\u00e9e \u00e0 des parfums de qualit\u00e9 \u00e9labor\u00e9s \u00e0 Grasse, cr\u00e9e [&#8230;]\n","protected":false},"featured_media":783,"comment_status":"open","ping_status":"closed","template":"","meta":[],"product_cat":[76],"product_tag":[],"class_list":{"0":"post-790","1":"product","2":"type-product","3":"status-publish","4":"has-post-thumbnail","6":"product_cat-chauffe-plats","8":"first","9":"instock","10":"taxable","11":"shipping-taxable","12":"purchasable","13":"product-type-simple"},"_links":{"self":[{"href":"https:\/\/boutique-neya.com\/shop\/wp-json\/wp\/v2\/product\/790","targetHints":{"allow":["GET"]}}],"collection":[{"href":"https:\/\/boutique-neya.com\/shop\/wp-json\/wp\/v2\/product"}],"about":[{"href":"https:\/\/boutique-neya.com\/shop\/wp-json\/wp\/v2\/types\/product"}],"replies":[{"embeddable":true,"href":"https:\/\/boutique-neya.com\/shop\/wp-json\/wp\/v2\/comments?post=790"}],"wp:featuredmedia":[{"embeddable":true,"href":"https:\/\/boutique-neya.com\/shop\/wp-json\/wp\/v2\/media\/783"}],"wp:attachment":[{"href":"https:\/\/boutique-neya.com\/shop\/wp-json\/wp\/v2\/media?parent=790"}],"wp:term":[{"taxonomy":"product_cat","embeddable":true,"href":"https:\/\/boutique-neya.com\/shop\/wp-json\/wp\/v2\/product_cat?post=790"},{"taxonomy":"product_tag","embeddable":true,"href":"https:\/\/boutique-neya.com\/shop\/wp-json\/wp\/v2\/product_tag?post=790"}],"curies":[{"name":"wp","href":"https:\/\/api.w.org\/{rel}","templated":true}]}}