{"id":789,"date":"2024-02-29T17:21:45","date_gmt":"2024-02-29T16:21:45","guid":{"rendered":"https:\/\/boutique-neya.com\/shop\/produit\/chauffe-plat-gentleman\/"},"modified":"2024-03-01T11:10:12","modified_gmt":"2024-03-01T10:10:12","slug":"chauffe-plat-gentleman","status":"publish","type":"product","link":"https:\/\/boutique-neya.com\/shop\/produit\/chauffe-plat-gentleman\/","title":{"rendered":"Chauffe-Plat &#8211; Gentleman"},"content":{"rendered":"<p>D\u00e9couvrez l&rsquo;\u00e9l\u00e9gance intemporelle de Gentleman, une harmonie parfaite entre le C\u00e8dre du Liban, le Citron vif, l&rsquo;Orange p\u00e9tillante et la fra\u00eecheur du Pin. Chaque chauffe-plat est une cr\u00e9ation artisanale, coul\u00e9e avec soin \u00e0 la main et dot\u00e9e d&rsquo;une m\u00e8che 100% coton. Plongez dans la sophistication de notre cire naturelle, garantie sans paraben, respectueuse de l&rsquo;environnement, et appr\u00e9ciez la finesse des essences \u00e9labor\u00e9es \u00e0 Grasse.<br \/>\nGr\u00e2ce \u00e0 ses 21g de cire, profitez d&rsquo;un br\u00fblage prolong\u00e9 de pr\u00e8s de 4h pour chaque chauffe-plat !<\/p>\n","protected":false},"excerpt":{"rendered":"<p>D\u00e9couvrez l&rsquo;\u00e9l\u00e9gance intemporelle de Gentleman, une harmonie parfaite entre le C\u00e8dre du Liban, le Citron vif, l&rsquo;Orange p\u00e9tillante et la fra\u00eecheur du Pin. Chaque chauffe-plat est une cr\u00e9ation artisanale, coul\u00e9e avec soin \u00e0 la main et dot\u00e9e d&rsquo;une m\u00e8che 100% coton. Plongez dans la sophistication de notre cire naturelle, garantie sans paraben, respectueuse de l&rsquo;environnement, [&#8230;]\n","protected":false},"featured_media":783,"comment_status":"open","ping_status":"closed","template":"","meta":[],"product_cat":[76],"product_tag":[],"class_list":{"0":"post-789","1":"product","2":"type-product","3":"status-publish","4":"has-post-thumbnail","6":"product_cat-chauffe-plats","8":"first","9":"instock","10":"taxable","11":"shipping-taxable","12":"purchasable","13":"product-type-simple"},"_links":{"self":[{"href":"https:\/\/boutique-neya.com\/shop\/wp-json\/wp\/v2\/product\/789","targetHints":{"allow":["GET"]}}],"collection":[{"href":"https:\/\/boutique-neya.com\/shop\/wp-json\/wp\/v2\/product"}],"about":[{"href":"https:\/\/boutique-neya.com\/shop\/wp-json\/wp\/v2\/types\/product"}],"replies":[{"embeddable":true,"href":"https:\/\/boutique-neya.com\/shop\/wp-json\/wp\/v2\/comments?post=789"}],"wp:featuredmedia":[{"embeddable":true,"href":"https:\/\/boutique-neya.com\/shop\/wp-json\/wp\/v2\/media\/783"}],"wp:attachment":[{"href":"https:\/\/boutique-neya.com\/shop\/wp-json\/wp\/v2\/media?parent=789"}],"wp:term":[{"taxonomy":"product_cat","embeddable":true,"href":"https:\/\/boutique-neya.com\/shop\/wp-json\/wp\/v2\/product_cat?post=789"},{"taxonomy":"product_tag","embeddable":true,"href":"https:\/\/boutique-neya.com\/shop\/wp-json\/wp\/v2\/product_tag?post=789"}],"curies":[{"name":"wp","href":"https:\/\/api.w.org\/{rel}","templated":true}]}}