{"id":788,"date":"2024-02-29T17:21:45","date_gmt":"2024-02-29T16:21:45","guid":{"rendered":"https:\/\/boutique-neya.com\/shop\/produit\/chauffe-plat-mauvais-garcon\/"},"modified":"2024-03-01T11:10:12","modified_gmt":"2024-03-01T10:10:12","slug":"chauffe-plat-mauvais-garcon","status":"publish","type":"product","link":"https:\/\/boutique-neya.com\/shop\/produit\/chauffe-plat-mauvais-garcon\/","title":{"rendered":"Chauffe-Plat &#8211; Mauvais Gar\u00e7on"},"content":{"rendered":"<p>Plongez dans l&rsquo;univers envo\u00fbtant de Mauvais Gar\u00e7on, une fusion audacieuse de Patchouli profond et de C\u00e8dre du Liban. Laissez-vous s\u00e9duire par la fra\u00eecheur de la Menthe Chlorophylle qui \u00e9mane de ce chauffe-plat coul\u00e9 \u00e0 la main avec une m\u00e8che 100% coton. Une exp\u00e9rience olfactive unique, o\u00f9 la qualit\u00e9 de notre cire naturelle et vegane rencontre l&rsquo;audace des essences les plus raffin\u00e9es, \u00e9labor\u00e9es \u00e0 Grasse.<br \/>\nGr\u00e2ce \u00e0 ses 21g de cire, profitez d&rsquo;un br\u00fblage prolong\u00e9 de pr\u00e8s de 4h pour chaque chauffe-plat !<\/p>\n","protected":false},"excerpt":{"rendered":"<p>Plongez dans l&rsquo;univers envo\u00fbtant de Mauvais Gar\u00e7on, une fusion audacieuse de Patchouli profond et de C\u00e8dre du Liban. Laissez-vous s\u00e9duire par la fra\u00eecheur de la Menthe Chlorophylle qui \u00e9mane de ce chauffe-plat coul\u00e9 \u00e0 la main avec une m\u00e8che 100% coton. Une exp\u00e9rience olfactive unique, o\u00f9 la qualit\u00e9 de notre cire naturelle et vegane rencontre [&#8230;]\n","protected":false},"featured_media":783,"comment_status":"open","ping_status":"closed","template":"","meta":[],"product_cat":[76],"product_tag":[],"class_list":{"0":"post-788","1":"product","2":"type-product","3":"status-publish","4":"has-post-thumbnail","6":"product_cat-chauffe-plats","8":"first","9":"instock","10":"taxable","11":"shipping-taxable","12":"purchasable","13":"product-type-simple"},"_links":{"self":[{"href":"https:\/\/boutique-neya.com\/shop\/wp-json\/wp\/v2\/product\/788","targetHints":{"allow":["GET"]}}],"collection":[{"href":"https:\/\/boutique-neya.com\/shop\/wp-json\/wp\/v2\/product"}],"about":[{"href":"https:\/\/boutique-neya.com\/shop\/wp-json\/wp\/v2\/types\/product"}],"replies":[{"embeddable":true,"href":"https:\/\/boutique-neya.com\/shop\/wp-json\/wp\/v2\/comments?post=788"}],"wp:featuredmedia":[{"embeddable":true,"href":"https:\/\/boutique-neya.com\/shop\/wp-json\/wp\/v2\/media\/783"}],"wp:attachment":[{"href":"https:\/\/boutique-neya.com\/shop\/wp-json\/wp\/v2\/media?parent=788"}],"wp:term":[{"taxonomy":"product_cat","embeddable":true,"href":"https:\/\/boutique-neya.com\/shop\/wp-json\/wp\/v2\/product_cat?post=788"},{"taxonomy":"product_tag","embeddable":true,"href":"https:\/\/boutique-neya.com\/shop\/wp-json\/wp\/v2\/product_tag?post=788"}],"curies":[{"name":"wp","href":"https:\/\/api.w.org\/{rel}","templated":true}]}}