{"id":787,"date":"2024-02-29T17:21:44","date_gmt":"2024-02-29T16:21:44","guid":{"rendered":"https:\/\/boutique-neya.com\/shop\/produit\/chauffe-plat-roses-eternelles\/"},"modified":"2024-03-01T11:10:12","modified_gmt":"2024-03-01T10:10:12","slug":"chauffe-plat-roses-eternelles","status":"publish","type":"product","link":"https:\/\/boutique-neya.com\/shop\/produit\/chauffe-plat-roses-eternelles\/","title":{"rendered":"Chauffe-Plat &#8211; Roses Eternelles"},"content":{"rendered":"<p>Laissez-vous charmer par la subtilit\u00e9 de Roses \u00c9ternelles, un m\u00e9lange d\u00e9licat de Bergamote, Patchouli et Rose. Chaque chauffe-plat, coul\u00e9 \u00e0 la main sur place avec une m\u00e8che 100% coton, d\u00e9voile la gr\u00e2ce intemporelle des roses. Plongez dans une exp\u00e9rience olfactive exceptionnelle avec notre cire naturelle vegane, sans paraben, et les parfums exquis de Grasse.<br \/>\nGr\u00e2ce \u00e0 ses 21g de cire, profitez d&rsquo;un br\u00fblage prolong\u00e9 de pr\u00e8s de 4h pour chaque chauffe-plat !<\/p>\n","protected":false},"excerpt":{"rendered":"<p>Laissez-vous charmer par la subtilit\u00e9 de Roses \u00c9ternelles, un m\u00e9lange d\u00e9licat de Bergamote, Patchouli et Rose. Chaque chauffe-plat, coul\u00e9 \u00e0 la main sur place avec une m\u00e8che 100% coton, d\u00e9voile la gr\u00e2ce intemporelle des roses. Plongez dans une exp\u00e9rience olfactive exceptionnelle avec notre cire naturelle vegane, sans paraben, et les parfums exquis de Grasse. Gr\u00e2ce [&#8230;]\n","protected":false},"featured_media":783,"comment_status":"open","ping_status":"closed","template":"","meta":[],"product_cat":[76],"product_tag":[],"class_list":{"0":"post-787","1":"product","2":"type-product","3":"status-publish","4":"has-post-thumbnail","6":"product_cat-chauffe-plats","8":"first","9":"instock","10":"taxable","11":"shipping-taxable","12":"purchasable","13":"product-type-simple"},"_links":{"self":[{"href":"https:\/\/boutique-neya.com\/shop\/wp-json\/wp\/v2\/product\/787","targetHints":{"allow":["GET"]}}],"collection":[{"href":"https:\/\/boutique-neya.com\/shop\/wp-json\/wp\/v2\/product"}],"about":[{"href":"https:\/\/boutique-neya.com\/shop\/wp-json\/wp\/v2\/types\/product"}],"replies":[{"embeddable":true,"href":"https:\/\/boutique-neya.com\/shop\/wp-json\/wp\/v2\/comments?post=787"}],"wp:featuredmedia":[{"embeddable":true,"href":"https:\/\/boutique-neya.com\/shop\/wp-json\/wp\/v2\/media\/783"}],"wp:attachment":[{"href":"https:\/\/boutique-neya.com\/shop\/wp-json\/wp\/v2\/media?parent=787"}],"wp:term":[{"taxonomy":"product_cat","embeddable":true,"href":"https:\/\/boutique-neya.com\/shop\/wp-json\/wp\/v2\/product_cat?post=787"},{"taxonomy":"product_tag","embeddable":true,"href":"https:\/\/boutique-neya.com\/shop\/wp-json\/wp\/v2\/product_tag?post=787"}],"curies":[{"name":"wp","href":"https:\/\/api.w.org\/{rel}","templated":true}]}}