{"id":645,"date":"2024-02-19T19:37:31","date_gmt":"2024-02-19T18:37:31","guid":{"rendered":"https:\/\/boutique-neya.com\/shop\/produit\/diffuseur-de-parfum-gentleman\/"},"modified":"2024-02-19T19:49:05","modified_gmt":"2024-02-19T18:49:05","slug":"diffuseur-de-parfum-gentleman","status":"publish","type":"product","link":"https:\/\/boutique-neya.com\/shop\/produit\/diffuseur-de-parfum-gentleman\/","title":{"rendered":"Diffuseur de Parfum &#8211; Gentleman"},"content":{"rendered":"<p>D\u00e9couvrez l&rsquo;\u00e9l\u00e9gance intemporelle avec notre Diffuseur de Parfum \u00ab\u00a0Gentleman\u00a0\u00bb. Les notes sophistiqu\u00e9es de C\u00e8dre du Liban, de Citron, d&rsquo;Orange et de Pin cr\u00e9ent une atmosph\u00e8re raffin\u00e9e et apaisante. Sans alcool, sans OGM et 100% v\u00e9gan, ce diffuseur est fabriqu\u00e9 \u00e0 la main, alliant modernit\u00e9 et respect de l&rsquo;environnement. Les parfums de Grasse, en France, ajoutent une touche de distinction \u00e0 votre espace.<\/p>\n","protected":false},"excerpt":{"rendered":"<p>D\u00e9couvrez l&rsquo;\u00e9l\u00e9gance intemporelle avec notre Diffuseur de Parfum \u00ab\u00a0Gentleman\u00a0\u00bb. Les notes sophistiqu\u00e9es de C\u00e8dre du Liban, de Citron, d&rsquo;Orange et de Pin cr\u00e9ent une atmosph\u00e8re raffin\u00e9e et apaisante. Sans alcool, sans OGM et 100% v\u00e9gan, ce diffuseur est fabriqu\u00e9 \u00e0 la main, alliant modernit\u00e9 et respect de l&rsquo;environnement. Les parfums de Grasse, en France, ajoutent [&#8230;]\n","protected":false},"featured_media":416,"comment_status":"open","ping_status":"closed","template":"","meta":[],"product_cat":[70],"product_tag":[],"class_list":{"0":"post-645","1":"product","2":"type-product","3":"status-publish","4":"has-post-thumbnail","6":"product_cat-diffuseurs-de-parfum","8":"first","9":"instock","10":"taxable","11":"shipping-taxable","12":"purchasable","13":"product-type-simple"},"_links":{"self":[{"href":"https:\/\/boutique-neya.com\/shop\/wp-json\/wp\/v2\/product\/645","targetHints":{"allow":["GET"]}}],"collection":[{"href":"https:\/\/boutique-neya.com\/shop\/wp-json\/wp\/v2\/product"}],"about":[{"href":"https:\/\/boutique-neya.com\/shop\/wp-json\/wp\/v2\/types\/product"}],"replies":[{"embeddable":true,"href":"https:\/\/boutique-neya.com\/shop\/wp-json\/wp\/v2\/comments?post=645"}],"wp:featuredmedia":[{"embeddable":true,"href":"https:\/\/boutique-neya.com\/shop\/wp-json\/wp\/v2\/media\/416"}],"wp:attachment":[{"href":"https:\/\/boutique-neya.com\/shop\/wp-json\/wp\/v2\/media?parent=645"}],"wp:term":[{"taxonomy":"product_cat","embeddable":true,"href":"https:\/\/boutique-neya.com\/shop\/wp-json\/wp\/v2\/product_cat?post=645"},{"taxonomy":"product_tag","embeddable":true,"href":"https:\/\/boutique-neya.com\/shop\/wp-json\/wp\/v2\/product_tag?post=645"}],"curies":[{"name":"wp","href":"https:\/\/api.w.org\/{rel}","templated":true}]}}