{"id":644,"date":"2024-02-19T19:37:31","date_gmt":"2024-02-19T18:37:31","guid":{"rendered":"https:\/\/boutique-neya.com\/shop\/produit\/diffuseur-de-parfum-mauvais-garcon\/"},"modified":"2024-02-19T19:49:10","modified_gmt":"2024-02-19T18:49:10","slug":"diffuseur-de-parfum-mauvais-garcon","status":"publish","type":"product","link":"https:\/\/boutique-neya.com\/shop\/produit\/diffuseur-de-parfum-mauvais-garcon\/","title":{"rendered":"Diffuseur de Parfum &#8211; Mauvais Gar\u00e7on"},"content":{"rendered":"<p>Cr\u00e9ez une ambiance s\u00e9duisante avec notre Diffuseur de Parfum \u00ab\u00a0Mauvais Gar\u00e7on\u00a0\u00bb. Lib\u00e9rez subtilement les ar\u00f4mes audacieux de Patchouli, de C\u00e8dre du Liban et de Menthe Chlorophylle. Sans alcool, sans OGM et 100% v\u00e9gan, ce diffuseur est fabriqu\u00e9 avec soin, alliant modernit\u00e9 et respect de l&rsquo;environnement. Les parfums de Grasse, en France, ajoutent une touche de sophistication, garantissant une exp\u00e9rience olfactive inoubliable.<\/p>\n","protected":false},"excerpt":{"rendered":"<p>Cr\u00e9ez une ambiance s\u00e9duisante avec notre Diffuseur de Parfum \u00ab\u00a0Mauvais Gar\u00e7on\u00a0\u00bb. Lib\u00e9rez subtilement les ar\u00f4mes audacieux de Patchouli, de C\u00e8dre du Liban et de Menthe Chlorophylle. Sans alcool, sans OGM et 100% v\u00e9gan, ce diffuseur est fabriqu\u00e9 avec soin, alliant modernit\u00e9 et respect de l&rsquo;environnement. Les parfums de Grasse, en France, ajoutent une touche de [&#8230;]\n","protected":false},"featured_media":413,"comment_status":"open","ping_status":"closed","template":"","meta":[],"product_cat":[70],"product_tag":[],"class_list":{"0":"post-644","1":"product","2":"type-product","3":"status-publish","4":"has-post-thumbnail","6":"product_cat-diffuseurs-de-parfum","8":"first","9":"instock","10":"taxable","11":"shipping-taxable","12":"purchasable","13":"product-type-simple"},"_links":{"self":[{"href":"https:\/\/boutique-neya.com\/shop\/wp-json\/wp\/v2\/product\/644","targetHints":{"allow":["GET"]}}],"collection":[{"href":"https:\/\/boutique-neya.com\/shop\/wp-json\/wp\/v2\/product"}],"about":[{"href":"https:\/\/boutique-neya.com\/shop\/wp-json\/wp\/v2\/types\/product"}],"replies":[{"embeddable":true,"href":"https:\/\/boutique-neya.com\/shop\/wp-json\/wp\/v2\/comments?post=644"}],"wp:featuredmedia":[{"embeddable":true,"href":"https:\/\/boutique-neya.com\/shop\/wp-json\/wp\/v2\/media\/413"}],"wp:attachment":[{"href":"https:\/\/boutique-neya.com\/shop\/wp-json\/wp\/v2\/media?parent=644"}],"wp:term":[{"taxonomy":"product_cat","embeddable":true,"href":"https:\/\/boutique-neya.com\/shop\/wp-json\/wp\/v2\/product_cat?post=644"},{"taxonomy":"product_tag","embeddable":true,"href":"https:\/\/boutique-neya.com\/shop\/wp-json\/wp\/v2\/product_tag?post=644"}],"curies":[{"name":"wp","href":"https:\/\/api.w.org\/{rel}","templated":true}]}}