{"id":642,"date":"2024-02-19T19:37:30","date_gmt":"2024-02-19T18:37:30","guid":{"rendered":"https:\/\/boutique-neya.com\/shop\/produit\/diffuseur-de-parfum-infusion-depices\/"},"modified":"2024-02-19T19:49:20","modified_gmt":"2024-02-19T18:49:20","slug":"diffuseur-de-parfum-infusion-depices","status":"publish","type":"product","link":"https:\/\/boutique-neya.com\/shop\/produit\/diffuseur-de-parfum-infusion-depices\/","title":{"rendered":"Diffuseur de Parfum &#8211; Infusion d&rsquo;\u00c9pices"},"content":{"rendered":"<p>\u00c9veillez vos sens avec notre Diffuseur de Parfum \u00ab\u00a0Infusion d&rsquo;\u00c9pices\u00a0\u00bb. Lib\u00e9rez le m\u00e9lange chaleureux de Cannelle, d&rsquo;Orange, de Patchouli et de Gingembre. Sans alcool, sans OGM et 100% v\u00e9gan, ce diffuseur est fabriqu\u00e9 \u00e0 la main, alliant modernit\u00e9 et respect de l&rsquo;environnement. Les parfums de Grasse, en France, ajoutent une touche chaleureuse \u00e0 votre espace.<\/p>\n","protected":false},"excerpt":{"rendered":"<p>\u00c9veillez vos sens avec notre Diffuseur de Parfum \u00ab\u00a0Infusion d&rsquo;\u00c9pices\u00a0\u00bb. Lib\u00e9rez le m\u00e9lange chaleureux de Cannelle, d&rsquo;Orange, de Patchouli et de Gingembre. Sans alcool, sans OGM et 100% v\u00e9gan, ce diffuseur est fabriqu\u00e9 \u00e0 la main, alliant modernit\u00e9 et respect de l&rsquo;environnement. Les parfums de Grasse, en France, ajoutent une touche chaleureuse \u00e0 votre espace.<\/p>\n","protected":false},"featured_media":410,"comment_status":"open","ping_status":"closed","template":"","meta":[],"product_cat":[70],"product_tag":[],"class_list":{"0":"post-642","1":"product","2":"type-product","3":"status-publish","4":"has-post-thumbnail","6":"product_cat-diffuseurs-de-parfum","8":"first","9":"instock","10":"taxable","11":"shipping-taxable","12":"purchasable","13":"product-type-simple"},"_links":{"self":[{"href":"https:\/\/boutique-neya.com\/shop\/wp-json\/wp\/v2\/product\/642","targetHints":{"allow":["GET"]}}],"collection":[{"href":"https:\/\/boutique-neya.com\/shop\/wp-json\/wp\/v2\/product"}],"about":[{"href":"https:\/\/boutique-neya.com\/shop\/wp-json\/wp\/v2\/types\/product"}],"replies":[{"embeddable":true,"href":"https:\/\/boutique-neya.com\/shop\/wp-json\/wp\/v2\/comments?post=642"}],"wp:featuredmedia":[{"embeddable":true,"href":"https:\/\/boutique-neya.com\/shop\/wp-json\/wp\/v2\/media\/410"}],"wp:attachment":[{"href":"https:\/\/boutique-neya.com\/shop\/wp-json\/wp\/v2\/media?parent=642"}],"wp:term":[{"taxonomy":"product_cat","embeddable":true,"href":"https:\/\/boutique-neya.com\/shop\/wp-json\/wp\/v2\/product_cat?post=642"},{"taxonomy":"product_tag","embeddable":true,"href":"https:\/\/boutique-neya.com\/shop\/wp-json\/wp\/v2\/product_tag?post=642"}],"curies":[{"name":"wp","href":"https:\/\/api.w.org\/{rel}","templated":true}]}}