{"id":639,"date":"2024-02-19T19:37:30","date_gmt":"2024-02-19T18:37:30","guid":{"rendered":"https:\/\/boutique-neya.com\/shop\/produit\/diffuseur-de-parfum-charme-de-la-garrigue\/"},"modified":"2024-02-19T19:49:34","modified_gmt":"2024-02-19T18:49:34","slug":"diffuseur-de-parfum-charme-de-la-garrigue","status":"publish","type":"product","link":"https:\/\/boutique-neya.com\/shop\/produit\/diffuseur-de-parfum-charme-de-la-garrigue\/","title":{"rendered":"Diffuseur de Parfum &#8211; Charme de la Garrigue"},"content":{"rendered":"<p>Captivez vos sens avec notre Diffuseur de Parfum \u00ab\u00a0Charme de la Garrigue\u00a0\u00bb. Lib\u00e9rez subtilement les ar\u00f4mes ensoleill\u00e9s d&rsquo;Ylang Ylang, de Patchouli et de Lavande. Sans alcool, sans OGM et 100% v\u00e9gan, ce diffuseur est fabriqu\u00e9 \u00e0 la main, alliant modernit\u00e9 et respect de l&rsquo;environnement. Les parfums de Grasse, en France, cr\u00e9ent une atmosph\u00e8re authentique et apaisante.<\/p>\n","protected":false},"excerpt":{"rendered":"<p>Captivez vos sens avec notre Diffuseur de Parfum \u00ab\u00a0Charme de la Garrigue\u00a0\u00bb. Lib\u00e9rez subtilement les ar\u00f4mes ensoleill\u00e9s d&rsquo;Ylang Ylang, de Patchouli et de Lavande. Sans alcool, sans OGM et 100% v\u00e9gan, ce diffuseur est fabriqu\u00e9 \u00e0 la main, alliant modernit\u00e9 et respect de l&rsquo;environnement. Les parfums de Grasse, en France, cr\u00e9ent une atmosph\u00e8re authentique et [&#8230;]\n","protected":false},"featured_media":414,"comment_status":"open","ping_status":"closed","template":"","meta":[],"product_cat":[70],"product_tag":[],"class_list":{"0":"post-639","1":"product","2":"type-product","3":"status-publish","4":"has-post-thumbnail","6":"product_cat-diffuseurs-de-parfum","8":"first","9":"instock","10":"taxable","11":"shipping-taxable","12":"purchasable","13":"product-type-simple"},"_links":{"self":[{"href":"https:\/\/boutique-neya.com\/shop\/wp-json\/wp\/v2\/product\/639","targetHints":{"allow":["GET"]}}],"collection":[{"href":"https:\/\/boutique-neya.com\/shop\/wp-json\/wp\/v2\/product"}],"about":[{"href":"https:\/\/boutique-neya.com\/shop\/wp-json\/wp\/v2\/types\/product"}],"replies":[{"embeddable":true,"href":"https:\/\/boutique-neya.com\/shop\/wp-json\/wp\/v2\/comments?post=639"}],"wp:featuredmedia":[{"embeddable":true,"href":"https:\/\/boutique-neya.com\/shop\/wp-json\/wp\/v2\/media\/414"}],"wp:attachment":[{"href":"https:\/\/boutique-neya.com\/shop\/wp-json\/wp\/v2\/media?parent=639"}],"wp:term":[{"taxonomy":"product_cat","embeddable":true,"href":"https:\/\/boutique-neya.com\/shop\/wp-json\/wp\/v2\/product_cat?post=639"},{"taxonomy":"product_tag","embeddable":true,"href":"https:\/\/boutique-neya.com\/shop\/wp-json\/wp\/v2\/product_tag?post=639"}],"curies":[{"name":"wp","href":"https:\/\/api.w.org\/{rel}","templated":true}]}}