{"id":638,"date":"2024-02-19T19:37:29","date_gmt":"2024-02-19T18:37:29","guid":{"rendered":"https:\/\/boutique-neya.com\/shop\/produit\/diffuseur-de-parfum-echapee-sauvage\/"},"modified":"2024-02-19T19:49:39","modified_gmt":"2024-02-19T18:49:39","slug":"diffuseur-de-parfum-echapee-sauvage","status":"publish","type":"product","link":"https:\/\/boutique-neya.com\/shop\/produit\/diffuseur-de-parfum-echapee-sauvage\/","title":{"rendered":"Diffuseur de Parfum &#8211; \u00c9chap\u00e9e Sauvage"},"content":{"rendered":"<p>\u00c9vadez-vous vers des contr\u00e9es lointaines avec notre Diffuseur de Parfum \u00ab\u00a0\u00c9chapp\u00e9e Sauvage\u00a0\u00bb. Lib\u00e9rez subtilement les ar\u00f4mes envo\u00fbtants d&rsquo;Ylang Ylang, de Santal et de Vanille. Sans alcool, sans OGM et 100% v\u00e9gan, ce diffuseur est con\u00e7u avec soin et fabriqu\u00e9 \u00e0 la main, alliant modernit\u00e9 et respect de l&rsquo;environnement. Les parfums de Grasse, en France, cr\u00e9ent une atmosph\u00e8re mystique et sauvage.<\/p>\n","protected":false},"excerpt":{"rendered":"<p>\u00c9vadez-vous vers des contr\u00e9es lointaines avec notre Diffuseur de Parfum \u00ab\u00a0\u00c9chapp\u00e9e Sauvage\u00a0\u00bb. Lib\u00e9rez subtilement les ar\u00f4mes envo\u00fbtants d&rsquo;Ylang Ylang, de Santal et de Vanille. Sans alcool, sans OGM et 100% v\u00e9gan, ce diffuseur est con\u00e7u avec soin et fabriqu\u00e9 \u00e0 la main, alliant modernit\u00e9 et respect de l&rsquo;environnement. Les parfums de Grasse, en France, cr\u00e9ent [&#8230;]\n","protected":false},"featured_media":407,"comment_status":"open","ping_status":"closed","template":"","meta":[],"product_cat":[70],"product_tag":[],"class_list":{"0":"post-638","1":"product","2":"type-product","3":"status-publish","4":"has-post-thumbnail","6":"product_cat-diffuseurs-de-parfum","8":"first","9":"instock","10":"taxable","11":"shipping-taxable","12":"purchasable","13":"product-type-simple"},"_links":{"self":[{"href":"https:\/\/boutique-neya.com\/shop\/wp-json\/wp\/v2\/product\/638","targetHints":{"allow":["GET"]}}],"collection":[{"href":"https:\/\/boutique-neya.com\/shop\/wp-json\/wp\/v2\/product"}],"about":[{"href":"https:\/\/boutique-neya.com\/shop\/wp-json\/wp\/v2\/types\/product"}],"replies":[{"embeddable":true,"href":"https:\/\/boutique-neya.com\/shop\/wp-json\/wp\/v2\/comments?post=638"}],"wp:featuredmedia":[{"embeddable":true,"href":"https:\/\/boutique-neya.com\/shop\/wp-json\/wp\/v2\/media\/407"}],"wp:attachment":[{"href":"https:\/\/boutique-neya.com\/shop\/wp-json\/wp\/v2\/media?parent=638"}],"wp:term":[{"taxonomy":"product_cat","embeddable":true,"href":"https:\/\/boutique-neya.com\/shop\/wp-json\/wp\/v2\/product_cat?post=638"},{"taxonomy":"product_tag","embeddable":true,"href":"https:\/\/boutique-neya.com\/shop\/wp-json\/wp\/v2\/product_tag?post=638"}],"curies":[{"name":"wp","href":"https:\/\/api.w.org\/{rel}","templated":true}]}}